{"id":14521,"date":"2022-07-22T20:16:52","date_gmt":"2022-07-22T18:16:52","guid":{"rendered":"http:\/\/www.italpast.com\/homepage-3\/"},"modified":"2022-07-22T20:16:52","modified_gmt":"2022-07-22T18:16:52","slug":"homepage-3","status":"publish","type":"page","link":"https:\/\/www.italpast.com\/en\/homepage-3\/","title":{"rendered":"Homepage"},"content":{"rendered":"<p>\n\t\t\t<!-- START Home REVOLUTION SLIDER 6.5.31 --><p class=\"rs-p-wp-fix\"><\/p>\n\t\t\t<rs-module-wrap id=\"rev_slider_1_1_wrapper\" data-source=\"gallery\" style=\"visibility:hidden;background:transparent;padding:0;\">\n\t\t\t\t<rs-module id=\"rev_slider_1_1\" style=\"\" data-version=\"6.5.31\">\n\t\t\t\t\t<rs-slides>\n\t\t\t\t\t\t<rs-slide style=\"position: absolute;\" data-key=\"rs-1\" data-title=\"Slide\" data-in=\"o:0;e:power2.in;\" data-out=\"a:false;\">\n\t\t\t\t\t\t\t<img fetchpriority=\"high\" decoding=\"async\" src=\"\/\/www.italpast.com\/wp-content\/plugins\/revslider\/public\/assets\/assets\/dummy.png\" alt=\"\" title=\"hero_1_1.jpeg\" width=\"1024\" height=\"576\" class=\"rev-slidebg tp-rs-img rs-lazyload\" data-lazyload=\"\/\/www.italpast.com\/wp-content\/uploads\/revslider\/video-media\/hero_1_1-1024x576.jpeg\" data-no-retina>\n\t\t\t\t\t\t\t<rs-bgvideo \n\t\t\t\t\t\t\t\tdata-video=\"w:100%;h:100%;nse:false;l:true;ptimer:false;vfc:true;\"\n\t\t\t\t\t\t\t\tdata-mp4=\"\/\/italpast.com\/wp-content\/uploads\/2022\/11\/hero_1.mp4\"\n\t\t\t\t\t\t\t><\/rs-bgvideo>\n<!--\n\t\t\t\t\t\t\t--><h1\n\t\t\t\t\t\t\t\tid=\"slider-1-slide-1-layer-1\" \n\t\t\t\t\t\t\t\tclass=\"rs-layer\"\n\t\t\t\t\t\t\t\tdata-type=\"text\"\n\t\t\t\t\t\t\t\tdata-rsp_ch=\"on\"\n\t\t\t\t\t\t\t\tdata-xy=\"xo:230px,99px,60px,26px;y:m,m,t,m;yo:-80px,-137px,97px,-222px;\"\n\t\t\t\t\t\t\t\tdata-text=\"w:normal;s:70,51,51,38;l:75,55,50,40;ls:-3px,-2px,-1px,0px;fw:700;\"\n\t\t\t\t\t\t\t\tdata-dim=\"w:auto,auto,687px,503px;h:auto,auto,166px,auto;\"\n\t\t\t\t\t\t\t\tdata-frame_0=\"y:60px,44px,24px,15px;\"\n\t\t\t\t\t\t\t\tdata-frame_1=\"e:power3.in;sp:1800;\"\n\t\t\t\t\t\t\t\tdata-frame_999=\"o:0;st:w;sR:7200;\"\n\t\t\t\t\t\t\t\tstyle=\"z-index:11;font-family:'Manrope';\"\n\t\t\t\t\t\t\t>Leader nella progettazione<br \/>e costruzione di macchine,<br \/>per pasta alimentare<br \/>di alta qualit\u00e0 \n\t\t\t\t\t\t\t<\/h1><!--\n\n\t\t\t\t\t\t\t--><rs-layer\n\t\t\t\t\t\t\t\tid=\"slider-1-slide-1-layer-4\" \n\t\t\t\t\t\t\t\tdata-type=\"text\"\n\t\t\t\t\t\t\t\tdata-rsp_ch=\"on\"\n\t\t\t\t\t\t\t\tdata-xy=\"xo:230px,100px,60px,26px;y:m;yo:100px,18px,-110px,39px;\"\n\t\t\t\t\t\t\t\tdata-text=\"w:normal;s:24,17,17,19;l:80,59,32,20;fw:700;\"\n\t\t\t\t\t\t\t\tdata-dim=\"w:auto,auto,558px,440px;\"\n\t\t\t\t\t\t\t\tdata-frame_0=\"y:60px,44px,24px,15px;\"\n\t\t\t\t\t\t\t\tdata-frame_1=\"e:power3.in;sp:2300;\"\n\t\t\t\t\t\t\t\tdata-frame_999=\"o:0;st:w;sR:6700;\"\n\t\t\t\t\t\t\t\tstyle=\"z-index:10;font-family:'Manrope';\"\n\t\t\t\t\t\t\t>Linee per pasta corta, pasta lunga, nidi, lasagne e formati speciali \n\t\t\t\t\t\t\t<\/rs-layer><!--\n\n\t\t\t\t\t\t\t--><a\n\t\t\t\t\t\t\t\tid=\"slider-1-slide-1-layer-5\" \n\t\t\t\t\t\t\t\tclass=\"rs-layer industrium-button-text rev-btn\"\n\t\t\t\t\t\t\t\thref=\"\/contatti\/\" target=\"_self\"\n\t\t\t\t\t\t\t\tdata-type=\"button\"\n\t\t\t\t\t\t\t\tdata-rsp_ch=\"on\"\n\t\t\t\t\t\t\t\tdata-xy=\"x:l,l,l,c;xo:502px,336px,258px,105px;y:t,t,t,m;yo:610px,455px,421px,137px;\"\n\t\t\t\t\t\t\t\tdata-text=\"w:normal;s:17,12,12,16;l:40,29,15,9;fw:700;a:center;\"\n\t\t\t\t\t\t\t\tdata-dim=\"w:250px,184px,180px,220px;h:auto,auto,auto,29px;minh:0px,none,none,none;\"\n\t\t\t\t\t\t\t\tdata-padding=\"t:8,6,8,15;r:25,18,10,20;b:8,6,8,21;l:25,18,10,20;\"\n\t\t\t\t\t\t\t\tdata-border=\"bos:solid;boc:#ffffff;bow:2px,2px,2px,2px;\"\n\t\t\t\t\t\t\t\tdata-frame_0=\"y:60px,44px,24px,15px;\"\n\t\t\t\t\t\t\t\tdata-frame_1=\"e:power3.in;sp:2600;\"\n\t\t\t\t\t\t\t\tdata-frame_999=\"o:0;st:w;sR:8700;\"\n\t\t\t\t\t\t\t\tdata-frame_hover=\"c:#4f4a4a;bgc:#fff;boc:rgba(255,255,255,0.75);bor:0px,0px,0px,0px;bos:solid;bow:2px,2px,2px,2px;e:power1.inOut;\"\n\t\t\t\t\t\t\t\tstyle=\"z-index:8;background-color:rgba(0,0,0,0);font-family:'Roboto';\"\n\t\t\t\t\t\t\t>Richiedi una consulenza \n\t\t\t\t\t\t\t<\/a><!--\n\n\t\t\t\t\t\t\t--><a\n\t\t\t\t\t\t\t\tid=\"slider-1-slide-1-layer-8\" \n\t\t\t\t\t\t\t\tclass=\"rs-layer industrium-button-text rev-btn\"\n\t\t\t\t\t\t\t\thref=\"https:\/\/italpast.com\/azienda\/\" target=\"_self\"\n\t\t\t\t\t\t\t\tdata-type=\"button\"\n\t\t\t\t\t\t\t\tdata-rsp_ch=\"on\"\n\t\t\t\t\t\t\t\tdata-xy=\"xo:230px,100px,61px,26px;y:t,t,t,m;yo:610px,455px,421px,139px;\"\n\t\t\t\t\t\t\t\tdata-text=\"w:normal;s:17,12,12,16;l:40,29,15,9;fw:700;a:center;\"\n\t\t\t\t\t\t\t\tdata-dim=\"w:250px,184px,180px,220px;h:auto,auto,auto,29px;minh:0px,none,none,none;\"\n\t\t\t\t\t\t\t\tdata-padding=\"t:8,6,8,15;r:25,18,10,20;b:8,6,8,21;l:25,18,10,20;\"\n\t\t\t\t\t\t\t\tdata-border=\"bos:solid;boc:#1d8bcb;bow:2px,2px,2px,2px;bor:2px,2px,2px,2px;\"\n\t\t\t\t\t\t\t\tdata-frame_0=\"y:60px,44px,24px,15px;\"\n\t\t\t\t\t\t\t\tdata-frame_1=\"e:power3.in;sp:2600;\"\n\t\t\t\t\t\t\t\tdata-frame_999=\"o:0;st:w;sR:7670;\"\n\t\t\t\t\t\t\t\tdata-frame_hover=\"bgc:#4f4a4a;boc:rgba(79,74,74,0.75);bor:0px,0px,0px,0px;bos:solid;bow:2px,2px,2px,2px;e:power1.inOut;\"\n\t\t\t\t\t\t\t\tstyle=\"z-index:9;background-color:#1d8bcb;font-family:'Roboto';\"\n\t\t\t\t\t\t\t>Scopri di pi\u00f9 \n\t\t\t\t\t\t\t<\/a><!--\n-->\t\t\t\t\t\t<\/rs-slide>\n\t\t\t\t\t<\/rs-slides>\n\t\t\t\t<\/rs-module>\n\t\t\t\t<script>\n\t\t\t\t\tsetREVStartSize({c: 'rev_slider_1_1',rl:[1240,1024,778,480],el:[900,768,960,720],gw:[2100,1550,850,550],gh:[900,768,960,720],type:'standard',justify:'',layout:'fullscreen',offsetContainer:'',offset:'',mh:\"0\"});if (window.RS_MODULES!==undefined && window.RS_MODULES.modules!==undefined && window.RS_MODULES.modules[\"revslider11\"]!==undefined) {window.RS_MODULES.modules[\"revslider11\"].once = false;window.revapi1 = undefined;if (window.RS_MODULES.checkMinimal!==undefined) window.RS_MODULES.checkMinimal()}\n\t\t\t\t<\/script>\n\t\t\t<\/rs-module-wrap>\n\t\t\t<!-- END REVOLUTION SLIDER -->\n<br \/>\n\t\t\t<svg \n xmlns=\"http:\/\/www.w3.org\/2000\/svg\"\n xmlns:xlink=\"http:\/\/www.w3.org\/1999\/xlink\"\n viewBox=\"0 0 16 16\">\n<path \n d=\"M14.374,15.999 L5.562,15.999 L5.562,14.374 L13.238,14.374 L0.0,1.135 L1.137,0.1 L14.374,13.236 L14.374,5.562 L15.999,5.562 L15.999,14.374 L15.999,15.999 L14.374,15.999 Z\"\/>\n<\/svg>\t\t\t<\/p>\n<p>ITALPAST \u00e8 leader nella progettazione e costruzione di macchine per pasta, impianti automatici e linee complete per produrre pasta alimentare di alta qualit\u00e0.<\/p>\n<p>Le nostre tecniche e tecnologie innovative per la produzione di impianti per pastifici, sono diventate un punto di riferimento per artigiani della pasta e grandi pastifici nel mercato italiano ed internazionale.<\/p>\n<p>\t\t\t\t0<br \/>\n\t\t\t\t+<br \/>\n\t\t\t\t\t\t\tINSTALLAZIONI<\/p>\n<p>Scopri tutti gli impianti Italpast per la produzione di pasta secca e fresca in diversi formati. Ci rivolgiamo sia ad artigiani che a grandi industrie con un servizio di consulenza per soddisfare le reali esigenze del cliente.<\/p>\n<p>Agenti sul territorio<\/p>\n<p>Italpast \u00e8 una realt\u00e0 internazionale in continua espansione. La presenza dei nostri impianti per la produzione di pasta alimentare in oltre 80 paesi nel mondo \u00e8 la migliore garanzia di affidabilit\u00e0 ed efficienza. I nostri agenti sono presenti in pi\u00f9 di 11 Paesi nel Mondo.<\/p>\n<p>Via G.B. della Chiesa, 10<br \/>\n43036 Fidenza (PR) &#8211; ItaliaStrada Repubblica, 41<br \/>\n43121 Parma &#8211; Italia<br \/>\n\t\t\t\t\t<a href=\"https:\/\/www.linkedin.com\/\" target=\"_blank\" rel=\"noopener\"><br \/>\n\t\t\t\t\t\tLinkedin-in<br \/>\n\t\t\t\t\t\t\t\t\t\t\t<\/a><br \/>\n\t\t\t\t\t<a href=\"https:\/\/www.instagram.com\/\" target=\"_blank\" rel=\"noopener\"><br \/>\n\t\t\t\t\t\tInstagram<br \/>\n\t\t\t\t\t\t\t\t\t\t\t<\/a><br \/>\n\t\t\t\t\t<a href=\"https:\/\/www.facebook.com\/\" target=\"_blank\" rel=\"noopener\"><br \/>\n\t\t\t\t\t\tFacebook-f<br \/>\n\t\t\t\t\t\t\t\t\t\t\t<\/a><br \/>\n\t\t<a style=\"color: #bababa;\" href=\"tel:0524524450\">+39 0524 524450<\/a>Hai bisogno di pi\u00f9 informazioni?<br \/>\n<a style=\"color: #fff;\" href=\"mailto: info@italpast.com\"> info@italpast.com<\/a>\n<div class=\"wpcf7 no-js\" id=\"wpcf7-f11607-o1\" lang=\"it-IT\" dir=\"ltr\" data-wpcf7-id=\"11607\">\n<div class=\"screen-reader-response\"><p role=\"status\" aria-live=\"polite\" aria-atomic=\"true\"><\/p> <ul><\/ul><\/div>\n<form action=\"\/en\/wp-json\/wp\/v2\/pages\/14521#wpcf7-f11607-o1\" method=\"post\" class=\"wpcf7-form init\" id=\"contact-form-11607\" aria-label=\"Modulo di contatto\" novalidate=\"novalidate\" data-status=\"init\">\n<fieldset class=\"hidden-fields-container\"><input type=\"hidden\" name=\"_wpcf7\" value=\"11607\" \/><input type=\"hidden\" name=\"_wpcf7_version\" value=\"6.1.5\" \/><input type=\"hidden\" name=\"_wpcf7_locale\" value=\"it_IT\" \/><input type=\"hidden\" name=\"_wpcf7_unit_tag\" value=\"wpcf7-f11607-o1\" \/><input type=\"hidden\" name=\"_wpcf7_container_post\" value=\"0\" \/><input type=\"hidden\" name=\"_wpcf7_posted_data_hash\" value=\"\" \/><input type=\"hidden\" name=\"_wpcf7_recaptcha_response\" value=\"\" \/>\n<\/fieldset>\n<div class=\"wpcf7-turnstile cf-turnstile\" data-sitekey=\"0x4AAAAAAB-u8zJo1d84WQ2x\" data-response-field-name=\"_wpcf7_turnstile_response\"><\/div>\n\n<div class=\"container contact-form\">\n\t<h5 class=\"industrium-heading\"><span class=\"industrium-heading-content\"><b>Ottieni una consulenza per conoscere come implementare la linea per pasta alimentare pi\u00f9 adatta alle tue esigenze produttive.<\/b><\/span>\n\t<\/h5>\n\t<div class=\"row\">\n\t\t<div class=\"col-md-6\">\n\t\t\t<p><span class=\"wpcf7-form-control-wrap\" data-name=\"Nome\"><input size=\"40\" maxlength=\"400\" class=\"wpcf7-form-control wpcf7-text wpcf7-validates-as-required\" aria-required=\"true\" aria-invalid=\"false\" placeholder=\"Nome\" value=\"\" type=\"text\" name=\"Nome\" \/><\/span>\n\t\t\t<\/p>\n\t\t<\/div>\n\t\t<div class=\"col-md-6\">\n\t\t\t<p><span class=\"wpcf7-form-control-wrap\" data-name=\"Cognome\"><input size=\"40\" maxlength=\"400\" class=\"wpcf7-form-control wpcf7-text wpcf7-validates-as-required\" aria-required=\"true\" aria-invalid=\"false\" placeholder=\"Cognome\" value=\"\" type=\"text\" name=\"Cognome\" \/><\/span>\n\t\t\t<\/p>\n\t\t<\/div>\n\t<\/div>\n\t<div class=\"row\">\n\t\t<div class=\"col-md-6\">\n\t\t\t<p><span class=\"wpcf7-form-control-wrap\" data-name=\"Telefono\"><input size=\"40\" maxlength=\"400\" class=\"wpcf7-form-control wpcf7-tel wpcf7-text wpcf7-validates-as-tel\" aria-invalid=\"false\" placeholder=\"Telefono\" value=\"\" type=\"tel\" name=\"Telefono\" \/><\/span>\n\t\t\t<\/p>\n\t\t<\/div>\n\t\t<div class=\"col-md-6\">\n\t\t\t<p><span class=\"wpcf7-form-control-wrap\" data-name=\"Azienda\"><input size=\"40\" maxlength=\"400\" class=\"wpcf7-form-control wpcf7-text\" aria-invalid=\"false\" placeholder=\"Azienda\" value=\"\" type=\"text\" name=\"Azienda\" \/><\/span>\n\t\t\t<\/p>\n\t\t<\/div>\n\t<\/div>\n\t<div class=\"row\">\n\t\t<div class=\"col-md-12\">\n\t\t\t<p><span class=\"wpcf7-form-control-wrap\" data-name=\"Email\"><input size=\"40\" maxlength=\"400\" class=\"wpcf7-form-control wpcf7-email wpcf7-validates-as-required wpcf7-text wpcf7-validates-as-email\" aria-required=\"true\" aria-invalid=\"false\" placeholder=\"Email\" value=\"\" type=\"email\" name=\"Email\" \/><\/span>\n\t\t\t<\/p>\n\t\t<\/div>\n\t<\/div>\n\t<div class=\"row\">\n\t\t<div class=\"col-md-12\">\n\t\t\t<p><span class=\"wpcf7-form-control-wrap\" data-name=\"services\"><select class=\"wpcf7-form-control wpcf7-select wpcf7-validates-as-required\" aria-required=\"true\" aria-invalid=\"false\" name=\"services\"><option value=\"In cosa possiamo esserti utile\">In cosa possiamo esserti utile<\/option><option value=\"Impianti pasta fresca\">Impianti pasta fresca<\/option><option value=\"Impianti pasta secca\">Impianti pasta secca<\/option><option value=\"Macchine Pasta Artigianale\">Macchine Pasta Artigianale<\/option><option value=\"Linee Gluten Free\">Linee Gluten Free<\/option><option value=\"Italpast Test Lab\">Italpast Test Lab<\/option><option value=\"Impianti Pasta Instant\">Impianti Pasta Instant<\/option><option value=\"Automazioni\">Automazioni<\/option><\/select><\/span>\n\t\t\t<\/p>\n\t\t<\/div>\n\t<\/div>\n\t<div class=\"row\">\n\t\t<div class=\"col-md-12\">\n\t\t\t<p><span class=\"wpcf7-form-control-wrap\" data-name=\"Messaggio\"><textarea cols=\"40\" rows=\"10\" maxlength=\"2000\" class=\"wpcf7-form-control wpcf7-textarea wpcf7-validates-as-required\" aria-required=\"true\" aria-invalid=\"false\" placeholder=\"Messaggio\" name=\"Messaggio\"><\/textarea><\/span>\n\t\t\t<\/p>\n\t\t<\/div>\n\t<\/div>\n\t<p><span class=\"wpcf7-form-control-wrap\" data-name=\"acceptance-435\"><span class=\"wpcf7-form-control wpcf7-acceptance\"><span class=\"wpcf7-list-item\"><label><input type=\"checkbox\" name=\"acceptance-435\" value=\"1\" aria-invalid=\"false\" \/><span class=\"wpcf7-list-item-label\">accetto il <a href=\"\/\/www.iubenda.com\/privacy-policy\/21975124\" target=\"_blank\">Trattamento dei dati<\/a><\/span><\/label><\/span><\/span><\/span><br \/>\n<!--\n<a href=\"#\" class=\"industrium-button\" onclick=\"event.preventDefault(); document.getElementById('contact-form-11607').submit(); return false;\">Invia<\/a>\n-->\n\t<\/p>\n\t<style>\n.contact-form > .row p.industrium-button > input{\nbackground-color: transparent !important;\ncolor: #fff !important;\ncolor: #fff !important;\nbackground-image: none;\npadding-bottom: 0px !important;\n}\n.contact-form .industrium-button::after {\ntop:43px !important;\n}\n\t<\/style>\n\t<div class=\"row\">\n\t\t<div class=\"col-md-3\">\n\t\t\t<p class=\"industrium-button\"><input class=\"wpcf7-form-control wpcf7-submit has-spinner\" type=\"submit\" value=\"invia\" \/>\n\t\t\t<\/p>\n\t\t<\/div>\n\t<\/div>\n<\/div><div class=\"wpcf7-response-output\" aria-hidden=\"true\"><\/div>\n<\/form>\n<\/div>\n<br \/>\n\t\t\t<iframe\n\t\t\t\t\tsrc=\"https:\/\/maps.google.com\/maps?q=Via%20G.B.%20della%20Chiesa%2C%2010%2043036%20Fidenza%20%28PR%29%20-%20Italia&#038;t=m&#038;z=15&#038;output=embed&#038;iwloc=near\"\n\t\t\t\t\ttitle=\"Via G.B. della Chiesa, 10 43036 Fidenza (PR) - Italia\"\n\t\t\t\t\taria-label=\"Via G.B. della Chiesa, 10 43036 Fidenza (PR) - Italia\"\n\t\t\t><\/iframe><\/p>\n","protected":false},"excerpt":{"rendered":"<p>ITALPAST \u00e8 leader nella progettazione e costruzione di macchine per pasta, impianti automatici e linee complete per produrre pasta alimentare di alta qualit\u00e0. Le nostre tecniche e tecnologie innovative per la produzione di impianti per pastifici, sono diventate un punto di&#8230;<\/p>\n","protected":false},"author":1,"featured_media":0,"parent":0,"menu_order":0,"comment_status":"closed","ping_status":"closed","template":"","meta":{"_acf_changed":false,"inline_featured_image":false,"footnotes":""},"case-histoy":[],"class_list":["post-14521","page","type-page","status-publish","hentry"],"acf":[],"yoast_head":"<!-- This site is optimized with the Yoast SEO plugin v27.3 - https:\/\/yoast.com\/product\/yoast-seo-wordpress\/ -->\n<title>Homepage - Italpast<\/title>\n<meta name=\"robots\" content=\"index, follow, max-snippet:-1, max-image-preview:large, max-video-preview:-1\" \/>\n<link rel=\"canonical\" href=\"https:\/\/www.italpast.com\/en\/homepage-3\/\" \/>\n<meta property=\"og:locale\" content=\"en_US\" \/>\n<meta property=\"og:type\" content=\"article\" \/>\n<meta property=\"og:title\" content=\"Homepage - Italpast\" \/>\n<meta property=\"og:description\" content=\"ITALPAST \u00e8 leader nella progettazione e costruzione di macchine per pasta, impianti automatici e linee complete per produrre pasta alimentare di alta qualit\u00e0. Le nostre tecniche e tecnologie innovative per la produzione di impianti per pastifici, sono diventate un punto di...\" \/>\n<meta property=\"og:url\" content=\"https:\/\/www.italpast.com\/en\/homepage-3\/\" \/>\n<meta property=\"og:site_name\" content=\"Italpast\" \/>\n<meta property=\"article:publisher\" content=\"https:\/\/www.facebook.com\/ITALPASTpastaequipment\" \/>\n<meta name=\"twitter:card\" content=\"summary_large_image\" \/>\n<meta name=\"twitter:label1\" content=\"Est. reading time\" \/>\n\t<meta name=\"twitter:data1\" content=\"1 minute\" \/>\n<script type=\"application\/ld+json\" class=\"yoast-schema-graph\">{\"@context\":\"https:\\\/\\\/schema.org\",\"@graph\":[{\"@type\":\"WebPage\",\"@id\":\"https:\\\/\\\/www.italpast.com\\\/en\\\/homepage-3\\\/\",\"url\":\"https:\\\/\\\/www.italpast.com\\\/en\\\/homepage-3\\\/\",\"name\":\"Homepage - Italpast\",\"isPartOf\":{\"@id\":\"https:\\\/\\\/www.italpast.com\\\/#website\"},\"datePublished\":\"2022-07-22T18:16:52+00:00\",\"breadcrumb\":{\"@id\":\"https:\\\/\\\/www.italpast.com\\\/en\\\/homepage-3\\\/#breadcrumb\"},\"inLanguage\":\"en-US\",\"potentialAction\":[{\"@type\":\"ReadAction\",\"target\":[\"https:\\\/\\\/www.italpast.com\\\/en\\\/homepage-3\\\/\"]}]},{\"@type\":\"BreadcrumbList\",\"@id\":\"https:\\\/\\\/www.italpast.com\\\/en\\\/homepage-3\\\/#breadcrumb\",\"itemListElement\":[{\"@type\":\"ListItem\",\"position\":1,\"name\":\"Home\",\"item\":\"https:\\\/\\\/www.italpast.com\\\/en\\\/\"},{\"@type\":\"ListItem\",\"position\":2,\"name\":\"Homepage\"}]},{\"@type\":\"WebSite\",\"@id\":\"https:\\\/\\\/www.italpast.com\\\/#website\",\"url\":\"https:\\\/\\\/www.italpast.com\\\/\",\"name\":\"Italpast\",\"description\":\"\",\"publisher\":{\"@id\":\"https:\\\/\\\/www.italpast.com\\\/#organization\"},\"potentialAction\":[{\"@type\":\"SearchAction\",\"target\":{\"@type\":\"EntryPoint\",\"urlTemplate\":\"https:\\\/\\\/www.italpast.com\\\/?s={search_term_string}\"},\"query-input\":{\"@type\":\"PropertyValueSpecification\",\"valueRequired\":true,\"valueName\":\"search_term_string\"}}],\"inLanguage\":\"en-US\"},{\"@type\":\"Organization\",\"@id\":\"https:\\\/\\\/www.italpast.com\\\/#organization\",\"name\":\"Italpast\",\"url\":\"https:\\\/\\\/www.italpast.com\\\/\",\"logo\":{\"@type\":\"ImageObject\",\"inLanguage\":\"en-US\",\"@id\":\"https:\\\/\\\/www.italpast.com\\\/#\\\/schema\\\/logo\\\/image\\\/\",\"url\":\"https:\\\/\\\/www.italpast.com\\\/wp-content\\\/uploads\\\/2023\\\/05\\\/logo-video.png\",\"contentUrl\":\"https:\\\/\\\/www.italpast.com\\\/wp-content\\\/uploads\\\/2023\\\/05\\\/logo-video.png\",\"width\":1920,\"height\":1080,\"caption\":\"Italpast\"},\"image\":{\"@id\":\"https:\\\/\\\/www.italpast.com\\\/#\\\/schema\\\/logo\\\/image\\\/\"},\"sameAs\":[\"https:\\\/\\\/www.facebook.com\\\/ITALPASTpastaequipment\",\"https:\\\/\\\/www.linkedin.com\\\/company\\\/italpast-pastalines\\\/\",\"https:\\\/\\\/www.instagram.com\\\/italpast_pastaequipment\\\/\"]}]}<\/script>\n<!-- \/ Yoast SEO plugin. -->","yoast_head_json":{"title":"Homepage - Italpast","robots":{"index":"index","follow":"follow","max-snippet":"max-snippet:-1","max-image-preview":"max-image-preview:large","max-video-preview":"max-video-preview:-1"},"canonical":"https:\/\/www.italpast.com\/en\/homepage-3\/","og_locale":"en_US","og_type":"article","og_title":"Homepage - Italpast","og_description":"ITALPAST \u00e8 leader nella progettazione e costruzione di macchine per pasta, impianti automatici e linee complete per produrre pasta alimentare di alta qualit\u00e0. Le nostre tecniche e tecnologie innovative per la produzione di impianti per pastifici, sono diventate un punto di...","og_url":"https:\/\/www.italpast.com\/en\/homepage-3\/","og_site_name":"Italpast","article_publisher":"https:\/\/www.facebook.com\/ITALPASTpastaequipment","twitter_card":"summary_large_image","twitter_misc":{"Est. reading time":"1 minute"},"schema":{"@context":"https:\/\/schema.org","@graph":[{"@type":"WebPage","@id":"https:\/\/www.italpast.com\/en\/homepage-3\/","url":"https:\/\/www.italpast.com\/en\/homepage-3\/","name":"Homepage - Italpast","isPartOf":{"@id":"https:\/\/www.italpast.com\/#website"},"datePublished":"2022-07-22T18:16:52+00:00","breadcrumb":{"@id":"https:\/\/www.italpast.com\/en\/homepage-3\/#breadcrumb"},"inLanguage":"en-US","potentialAction":[{"@type":"ReadAction","target":["https:\/\/www.italpast.com\/en\/homepage-3\/"]}]},{"@type":"BreadcrumbList","@id":"https:\/\/www.italpast.com\/en\/homepage-3\/#breadcrumb","itemListElement":[{"@type":"ListItem","position":1,"name":"Home","item":"https:\/\/www.italpast.com\/en\/"},{"@type":"ListItem","position":2,"name":"Homepage"}]},{"@type":"WebSite","@id":"https:\/\/www.italpast.com\/#website","url":"https:\/\/www.italpast.com\/","name":"Italpast","description":"","publisher":{"@id":"https:\/\/www.italpast.com\/#organization"},"potentialAction":[{"@type":"SearchAction","target":{"@type":"EntryPoint","urlTemplate":"https:\/\/www.italpast.com\/?s={search_term_string}"},"query-input":{"@type":"PropertyValueSpecification","valueRequired":true,"valueName":"search_term_string"}}],"inLanguage":"en-US"},{"@type":"Organization","@id":"https:\/\/www.italpast.com\/#organization","name":"Italpast","url":"https:\/\/www.italpast.com\/","logo":{"@type":"ImageObject","inLanguage":"en-US","@id":"https:\/\/www.italpast.com\/#\/schema\/logo\/image\/","url":"https:\/\/www.italpast.com\/wp-content\/uploads\/2023\/05\/logo-video.png","contentUrl":"https:\/\/www.italpast.com\/wp-content\/uploads\/2023\/05\/logo-video.png","width":1920,"height":1080,"caption":"Italpast"},"image":{"@id":"https:\/\/www.italpast.com\/#\/schema\/logo\/image\/"},"sameAs":["https:\/\/www.facebook.com\/ITALPASTpastaequipment","https:\/\/www.linkedin.com\/company\/italpast-pastalines\/","https:\/\/www.instagram.com\/italpast_pastaequipment\/"]}]}},"_links":{"self":[{"href":"https:\/\/www.italpast.com\/en\/wp-json\/wp\/v2\/pages\/14521","targetHints":{"allow":["GET"]}}],"collection":[{"href":"https:\/\/www.italpast.com\/en\/wp-json\/wp\/v2\/pages"}],"about":[{"href":"https:\/\/www.italpast.com\/en\/wp-json\/wp\/v2\/types\/page"}],"author":[{"embeddable":true,"href":"https:\/\/www.italpast.com\/en\/wp-json\/wp\/v2\/users\/1"}],"replies":[{"embeddable":true,"href":"https:\/\/www.italpast.com\/en\/wp-json\/wp\/v2\/comments?post=14521"}],"version-history":[{"count":0,"href":"https:\/\/www.italpast.com\/en\/wp-json\/wp\/v2\/pages\/14521\/revisions"}],"wp:attachment":[{"href":"https:\/\/www.italpast.com\/en\/wp-json\/wp\/v2\/media?parent=14521"}],"wp:term":[{"taxonomy":"case-histoy","embeddable":true,"href":"https:\/\/www.italpast.com\/en\/wp-json\/wp\/v2\/case-histoy?post=14521"}],"curies":[{"name":"wp","href":"https:\/\/api.w.org\/{rel}","templated":true}]}}